{"id":55,"date":"2023-12-25T20:51:57","date_gmt":"2023-12-25T20:51:57","guid":{"rendered":"https:\/\/xn--troelstrupgrd-zfb.dk\/?page_id=55"},"modified":"2024-02-07T07:55:33","modified_gmt":"2024-02-07T07:55:33","slug":"traditioner-arrangementer-og-praksis-i-bh","status":"publish","type":"page","link":"https:\/\/xn--troelstrupgrd-zfb.dk\/?page_id=55","title":{"rendered":"Traditioner, arrangementer og praksis i BH"},"content":{"rendered":"<p>[et_pb_section fb_built=&#8221;1&#8243; fullwidth=&#8221;on&#8221; _builder_version=&#8221;4.23.1&#8243; background_color=&#8221;#00687f&#8221; global_colors_info=&#8221;{}&#8221;][et_pb_fullwidth_header title=&#8221;Traditioner, arrangementer og praksis i b\u00f8rnehaven&#8221; subhead=&#8221;F\u00e6llesarrangementer for alle p\u00e5 g\u00e5rden<br \/>\n&#8221; _builder_version=&#8221;4.16&#8243; title_font=&#8221;||||||||&#8221; background_color=&#8221;rgba(255, 255, 255, 0)&#8221; global_colors_info=&#8221;{}&#8221; button_one_text_size__hover_enabled=&#8221;off&#8221; button_two_text_size__hover_enabled=&#8221;off&#8221; button_one_text_color__hover_enabled=&#8221;off&#8221; button_two_text_color__hover_enabled=&#8221;off&#8221; button_one_border_width__hover_enabled=&#8221;off&#8221; button_two_border_width__hover_enabled=&#8221;off&#8221; button_one_border_color__hover_enabled=&#8221;off&#8221; button_two_border_color__hover_enabled=&#8221;off&#8221; button_one_border_radius__hover_enabled=&#8221;off&#8221; button_two_border_radius__hover_enabled=&#8221;off&#8221; button_one_letter_spacing__hover_enabled=&#8221;off&#8221; button_two_letter_spacing__hover_enabled=&#8221;off&#8221; button_one_bg_color__hover_enabled=&#8221;off&#8221; button_two_bg_color__hover_enabled=&#8221;off&#8221;][\/et_pb_fullwidth_header][\/et_pb_section][et_pb_section fb_built=&#8221;1&#8243; _builder_version=&#8221;4.16&#8243; global_colors_info=&#8221;{}&#8221;][et_pb_row _builder_version=&#8221;4.16&#8243; background_size=&#8221;initial&#8221; background_position=&#8221;top_left&#8221; background_repeat=&#8221;repeat&#8221; global_colors_info=&#8221;{}&#8221;][et_pb_column type=&#8221;4_4&#8243; _builder_version=&#8221;4.16&#8243; custom_padding=&#8221;|||&#8221; global_colors_info=&#8221;{}&#8221; custom_padding__hover=&#8221;|||&#8221;][et_pb_text _builder_version=&#8221;4.16&#8243; background_size=&#8221;initial&#8221; background_position=&#8221;top_left&#8221; background_repeat=&#8221;repeat&#8221; global_colors_info=&#8221;{}&#8221;]<\/p>\n<p>Sommerfest sidste fredag i august.\u00a0<\/p>\n<p>Valgaften (for\u00e6ldrem\u00f8de) i efter\u00e5ret typisk i slutningen af september eller begyndelsen af oktober.<\/p>\n<p>Adventsarrangement, l\u00f8rdagen f\u00f8r 1. s\u00f8ndag i advent.\u00a0<strong><\/strong><\/p>\n<p>Arbejdsdag i for\u00e5ret.<\/p>\n<p><strong><\/strong>Sponsorl\u00f8b i september.<\/p>\n<p>3 dages koloni i september. Denne er kun for b\u00f8rnehaveb\u00f8rnene.<\/p>\n<p>&nbsp;<\/p>\n<h3><strong><\/strong><\/h3>\n<h3><strong>Foto<\/strong><\/h3>\n<p>Vi tager mange billeder, som bruges til skiftende billedcollager p\u00e5 stuen og deles med jer for\u00e6ldre p\u00e5 Aula. Enkelte billeder l\u00e6gges ogs\u00e5 af og til ud p\u00e5 vores hjemmeside\/facebook.<\/p>\n<p>Ved barnets afslutning i b\u00f8rnehaven, f\u00e5r I en del af billederne med hjem!<\/p>\n<p>Vi tager som udgangspunkt gruppefoto \u00e9n gang \u00e5rligt, som efterf\u00f8lgende kan k\u00f8bes.<\/p>\n<h3><strong>F\u00f8dselsdage<\/strong><\/h3>\n<p>Vi fejrer b\u00f8rnene, n\u00e5r de fylder \u00e5r. B\u00f8rnene p\u00e5 barnets stue laver en gave til f\u00f8dselaren, og vi synger f\u00f8dselsdagssang. Kommer barnet i b\u00f8rnehave p\u00e5 selve dagen, hejser vi flaget sammen med barnet. Har man lyst, kan barnet tage noget spiseligt med og dele ud. Har for\u00e6ldre tid og lyst til at v\u00e6re med, er I meget velkomne. Aftal med de voksne p\u00e5 stuen, hvad tid p\u00e5 dagen, at barnet skal fejres.<\/p>\n<p>Vi tager ogs\u00e5 gerne p\u00e5 bes\u00f8g i barnets hjem, hvis vi inviteres til det. Bor man l\u00e6ngere v\u00e6k end g\u00e5afstand, kan vi komme en dag, der passer med vores adgang til bussen.<\/p>\n<p>Inviteres vi hjem, vil vi gerne n\u00f8jes med at sidde til bords \u00e9n gang.<\/p>\n<p>Vi henstiller til, at der serveres s\u00e5 lidt sukker som muligt, og max. \u00e8n sukkerholdig ting (eks. \u00e9t stykke kage, eller \u00e9n fl\u00f8debolle eller&#8230;) uanset om f\u00f8dselsdagen fejres i b\u00f8rnehaven eller hjemme.<br \/>Og det der serveres spises ved bordet, alts\u00e5 ingen slikposer til at tage med videre.<\/p>\n<p>[\/et_pb_text][\/et_pb_column][\/et_pb_row][\/et_pb_section]<\/p>\n","protected":false},"excerpt":{"rendered":"<p>Sommerfest sidste fredag i august.\u00a0 Valgaften (for\u00e6ldrem\u00f8de) i efter\u00e5ret typisk i slutningen af september eller begyndelsen af oktober. Adventsarrangement, l\u00f8rdagen f\u00f8r 1. s\u00f8ndag i advent.\u00a0 Arbejdsdag i for\u00e5ret. Sponsorl\u00f8b i september. 3 dages koloni i september. Denne er kun for b\u00f8rnehaveb\u00f8rnene. &nbsp; Foto Vi tager mange billeder, som bruges til skiftende billedcollager p\u00e5 stuen og [&hellip;]<\/p>\n","protected":false},"author":1,"featured_media":0,"parent":0,"menu_order":0,"comment_status":"closed","ping_status":"closed","template":"","meta":{"_et_pb_use_builder":"on","_et_pb_old_content":"<!-- wp:divi\/placeholder \/-->","_et_gb_content_width":"","footnotes":""},"class_list":["post-55","page","type-page","status-publish","hentry"],"_links":{"self":[{"href":"https:\/\/xn--troelstrupgrd-zfb.dk\/index.php?rest_route=\/wp\/v2\/pages\/55","targetHints":{"allow":["GET"]}}],"collection":[{"href":"https:\/\/xn--troelstrupgrd-zfb.dk\/index.php?rest_route=\/wp\/v2\/pages"}],"about":[{"href":"https:\/\/xn--troelstrupgrd-zfb.dk\/index.php?rest_route=\/wp\/v2\/types\/page"}],"author":[{"embeddable":true,"href":"https:\/\/xn--troelstrupgrd-zfb.dk\/index.php?rest_route=\/wp\/v2\/users\/1"}],"replies":[{"embeddable":true,"href":"https:\/\/xn--troelstrupgrd-zfb.dk\/index.php?rest_route=%2Fwp%2Fv2%2Fcomments&post=55"}],"version-history":[{"count":6,"href":"https:\/\/xn--troelstrupgrd-zfb.dk\/index.php?rest_route=\/wp\/v2\/pages\/55\/revisions"}],"predecessor-version":[{"id":145,"href":"https:\/\/xn--troelstrupgrd-zfb.dk\/index.php?rest_route=\/wp\/v2\/pages\/55\/revisions\/145"}],"wp:attachment":[{"href":"https:\/\/xn--troelstrupgrd-zfb.dk\/index.php?rest_route=%2Fwp%2Fv2%2Fmedia&parent=55"}],"curies":[{"name":"wp","href":"https:\/\/api.w.org\/{rel}","templated":true}]}}