{"id":53,"date":"2023-12-25T20:51:37","date_gmt":"2023-12-25T20:51:37","guid":{"rendered":"https:\/\/xn--troelstrupgrd-zfb.dk\/?page_id=53"},"modified":"2025-01-13T10:11:08","modified_gmt":"2025-01-13T10:11:08","slug":"hverdagen-i-boernehaven","status":"publish","type":"page","link":"https:\/\/xn--troelstrupgrd-zfb.dk\/?page_id=53","title":{"rendered":"Hverdagen i b\u00f8rnehaven"},"content":{"rendered":"<p>[et_pb_section fb_built=&#8221;1&#8243; fullwidth=&#8221;on&#8221; _builder_version=&#8221;4.23.1&#8243; background_color=&#8221;#00687f&#8221; global_colors_info=&#8221;{}&#8221;][et_pb_fullwidth_header title=&#8221;Hverdagen i b\u00f8rnehaven&#8221; subhead=&#8221;L\u00e6s lidt om hvordan en normal hverdag er i b\u00f8rnehaven&#8221; _builder_version=&#8221;4.16&#8243; title_font=&#8221;||||||||&#8221; background_color=&#8221;rgba(255, 255, 255, 0)&#8221; global_colors_info=&#8221;{}&#8221; button_one_text_size__hover_enabled=&#8221;off&#8221; button_two_text_size__hover_enabled=&#8221;off&#8221; button_one_text_color__hover_enabled=&#8221;off&#8221; button_two_text_color__hover_enabled=&#8221;off&#8221; button_one_border_width__hover_enabled=&#8221;off&#8221; button_two_border_width__hover_enabled=&#8221;off&#8221; button_one_border_color__hover_enabled=&#8221;off&#8221; button_two_border_color__hover_enabled=&#8221;off&#8221; button_one_border_radius__hover_enabled=&#8221;off&#8221; button_two_border_radius__hover_enabled=&#8221;off&#8221; button_one_letter_spacing__hover_enabled=&#8221;off&#8221; button_two_letter_spacing__hover_enabled=&#8221;off&#8221; button_one_bg_color__hover_enabled=&#8221;off&#8221; button_two_bg_color__hover_enabled=&#8221;off&#8221;][\/et_pb_fullwidth_header][\/et_pb_section][et_pb_section fb_built=&#8221;1&#8243; _builder_version=&#8221;4.16&#8243; global_colors_info=&#8221;{}&#8221;][et_pb_row _builder_version=&#8221;4.16&#8243; background_size=&#8221;initial&#8221; background_position=&#8221;top_left&#8221; background_repeat=&#8221;repeat&#8221; global_colors_info=&#8221;{}&#8221;][et_pb_column type=&#8221;4_4&#8243; _builder_version=&#8221;4.16&#8243; custom_padding=&#8221;|||&#8221; global_colors_info=&#8221;{}&#8221; custom_padding__hover=&#8221;|||&#8221;][et_pb_text _builder_version=&#8221;4.16&#8243; background_size=&#8221;initial&#8221; background_position=&#8221;top_left&#8221; background_repeat=&#8221;repeat&#8221; global_colors_info=&#8221;{}&#8221;]<\/p>\n<p>I b\u00f8rnehaven er det naturen og \u00e5rstiderne der er udgangspunktet for mange af vores aktiviteter. Vi opholder os derfor meget ude.<\/p>\n<p>Vores egen legeplads har stor v\u00e6rdi for de daglige naturoplevelser. Det er her vi leger, laver b\u00e5l og g\u00e5r p\u00e5 opdagelse og passer vores dyr. Fodring er en del af det daglige program.<\/p>\n<p>Vi har vores egen bus, som k\u00f8rer os ud i det bl\u00e5. Vi tilstr\u00e6ber alle b\u00f8rn er af sted med bussen \u00e9n gang om ugen.<\/p>\n<p>P\u00e5 Troelstrupg\u00e5rd giver vi b\u00f8rnene masser af oplevelser i og med naturen fordi:<\/p>\n<ul>\n<li>alle deres sanser bruges.<\/li>\n<li>de bev\u00e6ger sig meget, og udfordres motorisk<\/li>\n<li>de bruger deres fantasi, fordi leget\u00f8jet ikke altid er tilg\u00e6ngeligt<\/li>\n<li>de undres, vi unders\u00f8ger og pr\u00f8ver at forst\u00e5 naturens undere<\/li>\n<li>de leger sammen &#8211; og har det sjovt!<\/li>\n<\/ul>\n<p>Udover udelivet, laver vi alt muligt andet. Vi synger, leger med rim og remser, laver drama, filter, klipper og klistrer, l\u00e6ser b\u00f8ger og leger\u2026.!!<\/p>\n<p>Vi arbejder meget p\u00e5 tv\u00e6rs af stuerne, hvilket betyder at vi meget bedre kan udnytte personalets kompetencer og ressourcer, og derved tilgodese b\u00f8rnenes forskellige behov. Nogen gange deler vi f.eks. b\u00f8rnene i \u00e6ldste og yngste, andre gange piger og drenge eller hvad der ellers kan v\u00e6re hensigtsm\u00e6ssigt.<\/p>\n<p>Vi holder dog fast i, at b\u00f8rnene har t\u00e6t tilknytning til deres stue.<\/p>\n<p>B\u00f8rnehaven skal v\u00e6re et sted, hvor der sker noget sjovt og sp\u00e6ndende, og hvor det er rart at tilbringe sin dag. Vi har respekt for b\u00f8rnenes forskelligheder men l\u00e6gger v\u00e6gt p\u00e5, at det er vigtigt at kunne beg\u00e5 sig i en gruppe. Vi tager s\u00e5 vidt det er muligt, udgangspunkt i b\u00f8rnenes \u00f8nsker og behov. Derfor er dagene i b\u00f8rnehaven aldrig ens!<\/p>\n<h3><strong>B\u00f8rnenes garderober<\/strong><\/h3>\n<p>P\u00e5 barnets garderobeplads er der kasser til ekstra t\u00f8j. Der skal som minimum v\u00e6re mindst et komplet s\u00e6t skiftet\u00f8j fra inderst til yderst.<\/p>\n<p>Det er vigtigt, at b\u00f8rnene har t\u00f8j og fodt\u00f8j, der er egnet til, at vi opholder os meget ude. Er t\u00f8j\/fodt\u00f8j i for d\u00e5rlig stand, bliver det hurtigt en d\u00e5rlig oplevelse for b\u00f8rnene at v\u00e6re ude.<\/p>\n<p>Se k\u00f8replan for garderobe i f\u00e6llesrum.<\/p>\n<p>Da vi v\u00e6gter samv\u00e6ret med b\u00f8rnene h\u00f8jere end garderobeorden, er det jeres job at f\u00e5 ryddet op p\u00e5 barnets garderobeplads hver dag og f\u00e5 samlet alle l\u00f8sdele sammen. Skriv navn p\u00e5 barnets ting, s\u00e5 finder forsvundne genstande lettere tilbage! Husk at tjekke efter, om overt\u00f8jet er v\u00e5dt og derfor skal h\u00e6nges til t\u00f8rre i t\u00f8rreskab eller tages med hjem, s\u00e5 det er klar til n\u00e6ste dag.<\/p>\n<h3><strong>Udstyr til ture<\/strong><\/h3>\n<p>Til ture skal barnet have sin egen rygs\u00e6k, som skal kunne rumme madkasse, drikkedunk, siddeunderlag og regnt\u00f8j. Det er vigtigt at rygs\u00e6kken har brede skulderstropper og brystrem der kan sp\u00e6ndes, da vi ofte skal g\u00e5 et stykke vej med egen rygs\u00e6k.<\/p>\n<h3><strong>Mad og drikke<\/strong><\/h3>\n<p>B\u00f8rnene skal have madpakke og drikkedunk med hver dag. Da vi ofte spiser ude, er det vigtigt at maden er overskuelig og h\u00e5ndterbar for b\u00f8rnene.<br \/>Dvs. madder uden for meget \u201dsmat\u201d og pynt, pakket enkeltvis. Gerne l\u00f8st tilbeh\u00f8r eks. i form af frugt og gr\u00f8nne stykker. Vi vil ikke have slik i madpakkerne.<\/p>\n<p>Til frokost drikker b\u00f8rnene vand af deres drikkedunke. Ingen saft eller juice i b\u00f8rnehaven. Bliver barnet sultent i l\u00f8bet af formiddagen, kan de tage en mad i deres madkasse.<\/p>\n<p>Om eftermiddagen spiser vi frugt. Alle b\u00f8rn medbringer deres egen frugt madkasse eller frugtpose.<\/p>\n<h3><strong><\/strong><\/h3>\n<h3><strong>Soveb\u00f8rn<\/strong><\/h3>\n<p>Har barnet behov for middagslur, har vi madrasser, puder og t\u00e6pper til form\u00e5let.<\/p>\n<p>Vi har et rum, som bruges til form\u00e5let, hvor der sidder en voksen sammen med b\u00f8rnene de f\u00f8rste 30 minutter.<\/p>\n<h3><strong>Bleb\u00f8rn<\/strong><\/h3>\n<p>Bruger barnet ble, medbringes de hjemmefra.<\/p>\n<h3><strong>Sommer og sol<\/strong><\/h3>\n<p>Barnet skal v\u00e6re smurt hjemmefra med solcreme i sommertiden. Vi sm\u00f8rer b\u00f8rnene igen ved middagstid med b\u00f8rnehavens solcreme.<\/p>\n<p>S\u00f8rg for solhat og tyndt t\u00f8j med lange \u00e6rmer\/ben som beskyttelse for solen.<\/p>\n<p>[\/et_pb_text][\/et_pb_column][\/et_pb_row][\/et_pb_section]<\/p>\n","protected":false},"excerpt":{"rendered":"<p>I b\u00f8rnehaven er det naturen og \u00e5rstiderne der er udgangspunktet for mange af vores aktiviteter. Vi opholder os derfor meget ude. Vores egen legeplads har stor v\u00e6rdi for de daglige naturoplevelser. Det er her vi leger, laver b\u00e5l og g\u00e5r p\u00e5 opdagelse og passer vores dyr. Fodring er en del af det daglige program. Vi [&hellip;]<\/p>\n","protected":false},"author":1,"featured_media":0,"parent":0,"menu_order":0,"comment_status":"closed","ping_status":"closed","template":"","meta":{"_et_pb_use_builder":"on","_et_pb_old_content":"<!-- wp:divi\/placeholder \/-->","_et_gb_content_width":"","footnotes":""},"class_list":["post-53","page","type-page","status-publish","hentry"],"_links":{"self":[{"href":"https:\/\/xn--troelstrupgrd-zfb.dk\/index.php?rest_route=\/wp\/v2\/pages\/53","targetHints":{"allow":["GET"]}}],"collection":[{"href":"https:\/\/xn--troelstrupgrd-zfb.dk\/index.php?rest_route=\/wp\/v2\/pages"}],"about":[{"href":"https:\/\/xn--troelstrupgrd-zfb.dk\/index.php?rest_route=\/wp\/v2\/types\/page"}],"author":[{"embeddable":true,"href":"https:\/\/xn--troelstrupgrd-zfb.dk\/index.php?rest_route=\/wp\/v2\/users\/1"}],"replies":[{"embeddable":true,"href":"https:\/\/xn--troelstrupgrd-zfb.dk\/index.php?rest_route=%2Fwp%2Fv2%2Fcomments&post=53"}],"version-history":[{"count":4,"href":"https:\/\/xn--troelstrupgrd-zfb.dk\/index.php?rest_route=\/wp\/v2\/pages\/53\/revisions"}],"predecessor-version":[{"id":292,"href":"https:\/\/xn--troelstrupgrd-zfb.dk\/index.php?rest_route=\/wp\/v2\/pages\/53\/revisions\/292"}],"wp:attachment":[{"href":"https:\/\/xn--troelstrupgrd-zfb.dk\/index.php?rest_route=%2Fwp%2Fv2%2Fmedia&parent=53"}],"curies":[{"name":"wp","href":"https:\/\/api.w.org\/{rel}","templated":true}]}}