{"id":49,"date":"2023-12-25T20:51:09","date_gmt":"2023-12-25T20:51:09","guid":{"rendered":"https:\/\/xn--troelstrupgrd-zfb.dk\/?page_id=49"},"modified":"2025-09-11T14:23:58","modified_gmt":"2025-09-11T14:23:58","slug":"om-os","status":"publish","type":"page","link":"https:\/\/xn--troelstrupgrd-zfb.dk\/?page_id=49","title":{"rendered":"Om os &#8211; vores historie"},"content":{"rendered":"<p>[et_pb_section fb_built=&#8221;1&#8243; fullwidth=&#8221;on&#8221; _builder_version=&#8221;4.23.1&#8243; background_color=&#8221;#00687f&#8221; hover_enabled=&#8221;0&#8243; global_colors_info=&#8221;{}&#8221; sticky_enabled=&#8221;0&#8243;][et_pb_fullwidth_header title=&#8221;HMDIs historie &#8211; Vores historie&#8221; subhead=&#8221;Hvorfor g\u00f8r vi det og hvor l\u00e6nge har vi eksisteret. l\u00e6s om vores historie&#8221; _builder_version=&#8221;4.23.1&#8243; title_font=&#8221;||||||||&#8221; background_color=&#8221;rgba(255, 255, 255, 0)&#8221; hover_enabled=&#8221;0&#8243; global_colors_info=&#8221;{}&#8221; button_one_text_size__hover_enabled=&#8221;off&#8221; button_two_text_size__hover_enabled=&#8221;off&#8221; button_one_text_color__hover_enabled=&#8221;off&#8221; button_two_text_color__hover_enabled=&#8221;off&#8221; button_one_border_width__hover_enabled=&#8221;off&#8221; button_two_border_width__hover_enabled=&#8221;off&#8221; button_one_border_color__hover_enabled=&#8221;off&#8221; button_two_border_color__hover_enabled=&#8221;off&#8221; button_one_border_radius__hover_enabled=&#8221;off&#8221; button_two_border_radius__hover_enabled=&#8221;off&#8221; button_one_letter_spacing__hover_enabled=&#8221;off&#8221; button_two_letter_spacing__hover_enabled=&#8221;off&#8221; button_one_bg_color__hover_enabled=&#8221;off&#8221; button_two_bg_color__hover_enabled=&#8221;off&#8221; sticky_enabled=&#8221;0&#8243;][\/et_pb_fullwidth_header][\/et_pb_section][et_pb_section fb_built=&#8221;1&#8243; _builder_version=&#8221;4.16&#8243; global_colors_info=&#8221;{}&#8221;][et_pb_row _builder_version=&#8221;4.23.1&#8243; background_size=&#8221;initial&#8221; background_position=&#8221;top_left&#8221; background_repeat=&#8221;repeat&#8221; global_colors_info=&#8221;{}&#8221;][et_pb_column type=&#8221;4_4&#8243; _builder_version=&#8221;4.16&#8243; custom_padding=&#8221;|||&#8221; global_colors_info=&#8221;{}&#8221; custom_padding__hover=&#8221;|||&#8221;][et_pb_text _builder_version=&#8221;4.23.1&#8243; background_size=&#8221;initial&#8221; background_position=&#8221;top_left&#8221; background_repeat=&#8221;repeat&#8221; global_colors_info=&#8221;{}&#8221;]<\/p>\n<p><strong>Haslev Menigheds Daginstitutioners historie<\/strong><\/p>\n<p><strong>1969-70 Tankerne og behovet for fritidshjem i Haslev opst\u00e5r<\/strong><\/p>\n<p>Haslev oplevede et b\u00f8rneboom i disse \u00e5r, og behovet for at oprette fritidshjem opstod.<\/p>\n<p>Borgmester Folmer Nielsen kontaktede derfor formanden for menighedsr\u00e5det i Haslev, Bent Schmidt, og bad menighedsr\u00e5det om, at overveje tankerne om oprettelse af et selvejende fritidshjem i regi af menighedsr\u00e5det.<\/p>\n<p>Menighedsr\u00e5det valgte at s\u00e6tte l\u00e6rer Tage Bechman og Axel Hansen, der var regnskabsmand p\u00e5 SEAS p\u00e5 opgaven med at finde muligheden for, at oprette en daginstitution i Menighedsr\u00e5dets regi, herunder at fremskaffe den kapital der skulle til, for at kunne oprette institutionen som selvejende.<\/p>\n<p>Det var vigtigt for menighedsr\u00e5det, at institutionerne blev oprettet og drevet som selvejende institutioner, s\u00e5 indflydelsen p\u00e5 p\u00e6dagogik og drift, forblev intakt.<\/p>\n<p><strong>1972 F\u00f8rste fritidshjem starter op<\/strong><\/p>\n<p>I 1972 \u00e5bnede Haslevs f\u00f8rste fritidshjem p\u00e5 Ringstedvej nr. 57, i det nuv\u00e6rende Nordskov Kirkecenter, med plads til 40 b\u00f8rn.<\/p>\n<p>Haslev Menigheds Ungdomsklub brugte lokalerne om aftenen.<\/p>\n<p>J\u00f8rgen Svarre blev ansat som leder, og fungerede som s\u00e5dan i mange \u00e5r frem i tiden.<\/p>\n<p><strong>1974 Fritidshjem p\u00e5 Gr\u00f8ndalsvej<\/strong><\/p>\n<p>Men allerede i 1974 var der ikke l\u00e6ngere plads nok p\u00e5 Ringstedvej.<\/p>\n<p>Haslev Menigheds Fritidshjem fik derfor muligheden for at udvide med en lille filial p\u00e5 Gr\u00f8ndalsskolen, som p\u00e5 det tidspunkt havde ledige lokaler.<\/p>\n<p>Kommunen gav 20.000 kr. til ombygning og indretning, hvilket ikke rakte langt.<\/p>\n<p>Resten af de midler der var n\u00f8dvendig for at k\u00f8be materialer mv. blev fremskaffet, og det arbejde der skulle udf\u00f8res for klarg\u00f8ring af lokaler, skete ved frivillig arbejdskraft fra for\u00e6ldre, medarbejdere og en meget arbejdsduelig bestyrelse.<\/p>\n<p>Der var kun en m\u00e5ned fra vedtagelsen til institutionen skulle \u00e5bnes for b\u00f8rnene, s\u00e5 der blev arbejdet p\u00e5 h\u00f8jtryk nat og dag. Det lykkedes at n\u00e5 det, og efter sommerferien 1974 startede en hyggelig fritidshjemsafdeling op med plads til 25 b\u00f8rn.<\/p>\n<p><strong>1976-77 Fritidshjem p\u00e5 Sofiendalsvej:<\/strong><\/p>\n<p>Nu var tiden kommet til, at Gr\u00f8ndalsskolen selv skulle bruge sine lokaler, og samtidig var tanken om at lave et kirkecenter p\u00e5 Ringstedvej v\u00e5gnet. Der skulle derfor findes andre lokaliteter til de to fritidshjemsafdelinger.<\/p>\n<p>Haslev h\u00e5ndarbejdsskole var p\u00e5 det tidspunkt sat til salg, og med den dav\u00e6rende formand for menighedsr\u00e5det Axel Nielsen meget aktive indsats lykkedes det, at k\u00f8be h\u00e5ndarbejdsskolen (det nuv\u00e6rende fritidshjem p\u00e5 Sofiendalsvej 30), og dermed f\u00e5 samlet alle 60-65 b\u00f8rn p\u00e5 et sted.<\/p>\n<p>For\u00e6ldre og medarbejdere m\u00e5tte atter engang v\u00e6re h\u00e5ndv\u00e6rkere, og ved f\u00e6lles hj\u00e6lp lykkedes det at f\u00e5 klargjort lokaler mv., selvom midlerne var sm\u00e5.<\/p>\n<p><strong>1977 Ungdomsklub p\u00e5 B\u00e6kvej<\/strong><\/p>\n<p>Haslev Menigheds Ungdomsklub startede op sammen med fritidshjemmet p\u00e5 Ringsted 57, hvor man nu ville oprette Nordskov Kirkecenter. Ungdomsklubben skulle derfor ogs\u00e5 finde nye lokaler.<\/p>\n<p>Haslev kommune ville gerne have, at de &#8220;friske&#8221; unge mennesker skulle have deres ungdomsklub lidt uden for byen og her faldt valget faldt p\u00e5 et hus p\u00e5 B\u00e6kvej.<\/p>\n<p><strong>1978 Klub og b\u00f8rnehave p\u00e5 Margrethevej<\/strong><\/p>\n<p>I 1978 manglede der atter institutionspladser i Haslev kommune.<\/p>\n<p>P\u00e5 Margrethevej stod nogle gamle og lidt slidte bygninger som tidligere have rummet b\u00f8rnehaven Lillebo ledige. Haslev Menigheds Daginstitutioner lejede huset af Haslev kommune og oprettede en halvdagsb\u00f8rnehave med en normering til 20 b\u00f8rn. Om eftermiddagen blev der etableret en fritidsklub for 25-30 b\u00f8rn.<\/p>\n<p><strong>1991 Fritidshjem p\u00e5 Troelstrupg\u00e5rd<\/strong><\/p>\n<p>I 1991 foresp\u00f8rger Haslev kommune Haslev Menigheds Daginstitutioner, om de vil v\u00e6re med til at starte en ny institution op p\u00e5 Troelstrupg\u00e5rd. Det ville man naturligvis gerne, og for 65.000 kr. blev Troelstrupg\u00e5rd gjort klar til institutionsdrift med Kjeld Folke J\u00f8rgensen som leder.<\/p>\n<p>Inden den officielle \u00e5bning af fritidshjemmet p\u00e5 Troesltrupg\u00e5rd, blev der l\u00f8rdag den 20. april 1991 afholdt \u00e5bent hus for hele byen.<\/p>\n<p><strong>1998 Skovhus i Denderup V\u00e6nge<\/strong><\/p>\n<p>I 1998 fik Haslev Menigheds Daginstitutioner mulighed for at f\u00e5 et gammelt \u00f8nske opfyldt &#8211; at f\u00e5 et lille hus i skoven.<\/p>\n<p>Ellens Hus hedder huset, som stadig i 2012 er med til at danne base og hyggested for\u00a0b\u00f8rnene, p\u00e5 en af de mange skovture, afdelingerne tager ud p\u00e5 i l\u00f8bet af \u00e5ret.<\/p>\n<p><strong>1999 Ungdomsklub p\u00e5 B\u00e6kvej lukkes, idet den sammenl\u00e6gges med Klub Tingvej<\/strong><\/p>\n<p><strong>2011 B\u00f8rnehaven p\u00e5 Margrethevej lukkes 31. maj pga. nedgangen i det generelle b\u00f8rnetal i Haslev.<\/strong><\/p>\n<p><strong>2012 Troelstrupg\u00e5rd og Sofiendalsvej<\/strong><\/p>\n<p>Troelstrupg\u00e5rd og Fritten p\u00e5 Sofiendalsvej sammenl\u00e6gges til en institution fra 1. januar 2012 med Per L\u00f8vh\u00f8j som leder.<\/p>\n<p>[\/et_pb_text][et_pb_text _builder_version=&#8221;4.23.1&#8243; background_size=&#8221;initial&#8221; background_position=&#8221;top_left&#8221; background_repeat=&#8221;repeat&#8221; global_colors_info=&#8221;{}&#8221;]<\/p>\n<p style=\"line-height: 14.4pt; background: white; margin: 0cm 0cm 6.0pt 0cm;\"><strong><span style=\"font-size: 10.5pt; font-family: 'Helvetica',sans-serif; color: #4a4a4a;\">Troelstrupg\u00e5rd<\/span><\/strong><span style=\"font-size: 10.5pt; font-family: 'Helvetica',sans-serif; color: #4a4a4a;\">\u00a0er en integreret daginstitution oprettet i 1991. Med sin unikke beliggenhed i udkanten af Haslev, er institutionen indrettet som landbomilj\u00f8, med dyrehold, have, gadek\u00e6r og shelteromr\u00e5de. Institutionen har til huse i en gammel nedlagt trel\u00e6nget g\u00e5rd med stuehus. <o:p><\/o:p><\/span><\/p>\n<p style=\"line-height: 14.4pt; background: white; margin: 0cm 0cm 6.0pt 0cm;\"><span style=\"font-size: 10.5pt; font-family: 'Helvetica',sans-serif; color: #4a4a4a;\">Indretningsm\u00e6ssigt er kostalden og h\u00f8loft blevet til b\u00f8rnehave, stuehus til Frit\/klub og vognporten var f\u00f8rst indrettet til administration, depoter mv., men gennemgik en ny renovering i december 2023, da disse lokaler fra januar 2024 huser en vuggestue med plads til 16 b\u00f8rn.<o:p><\/o:p><\/span><\/p>\n<p style=\"line-height: 14.4pt; background: white; margin: 0cm 0cm 6.0pt 0cm;\"><span style=\"font-size: 10.5pt; font-family: 'Helvetica',sans-serif; color: #4a4a4a;\">Laden bruges til opbevaring af h\u00f8\/halm til dyr, cykel- og mooncars, parkering og danner ofte rammen for st\u00f8rre arrangementer.<o:p><\/o:p><\/span><\/p>\n<p style=\"line-height: 14.4pt; background: white; margin: 0cm 0cm 6.0pt 0cm;\"><span style=\"font-size: 10.5pt; font-family: 'Helvetica',sans-serif; color: #4a4a4a;\">Troelstrupg\u00e5rd er n\u00e6sten nabo med den r\u00f8de skole, Vibeengskolen, hvorfra vores Frit\/klub b\u00f8rn kan f\u00f8lge en sti og v\u00e6re herovre p\u00e5 cirka tre minutter.<o:p><\/o:p><\/span><\/p>\n<p style=\"line-height: 14.4pt; background: white; box-sizing: border-box; font-variant-ligatures: normal; font-variant-caps: normal; orphans: 2; text-align: start; widows: 2; -webkit-text-stroke-width: 0px; text-decoration-thickness: initial; text-decoration-style: initial; text-decoration-color: initial; word-spacing: 0px; margin: 0cm 0cm 6.0pt 0cm;\"><span style=\"font-size: 10.5pt; font-family: 'Helvetica',sans-serif; color: #4a4a4a;\">I starten rummede g\u00e5rden kun et fritidshjem, siden kom yderligere en b\u00f8rnehave og et mindre klubtilbud til. <o:p><\/o:p><\/span><\/p>\n<p style=\"line-height: 14.4pt; background: white; margin: 0cm 0cm 6.0pt 0cm;\"><span style=\"font-size: 10.5pt; font-family: 'Helvetica',sans-serif; color: #4a4a4a;\">S\u00e5ledes rummede g\u00e5rden gennem en del \u00e5r b\u00f8rn i alderen 3 &#8211; 12 \u00e5r p\u00e5 samme sted. <o:p><\/o:p><\/span><\/p>\n<p style=\"line-height: 14.4pt; background: white; margin: 0cm 0cm 6.0pt 0cm;\"><span style=\"font-size: 10.5pt; font-family: 'Helvetica',sans-serif; color: #4a4a4a;\">I dag best\u00e5r tilbuddet af en vuggestue med b\u00f8rn i alderen 1-3 \u00e5r, b\u00f8rnehave med b\u00f8rn fra 3-6 \u00e5r og et s\u00e6rligt klubtilbud for b\u00f8rn og unge fra 3. &#8211; 6. klasse.<o:p><\/o:p><\/span><\/p>\n<p style=\"line-height: 14.4pt; background: white; box-sizing: border-box; font-variant-ligatures: normal; font-variant-caps: normal; orphans: 2; text-align: start; widows: 2; -webkit-text-stroke-width: 0px; text-decoration-thickness: initial; text-decoration-style: initial; text-decoration-color: initial; word-spacing: 0px; margin: 0cm 0cm 6.0pt 0cm;\"><span style=\"font-size: 10.5pt; font-family: 'Helvetica',sans-serif; color: #4a4a4a;\">Troelstrupg\u00e5rd har siden 2015 v\u00e6ret en selvejende institution.<o:p><\/o:p><\/span><\/p>\n<p><strong>Fritten<\/strong><span>\u00a0<\/span>oph\u00f8rt pr. 31. juli 2015.<\/p>\n<p>Fritten havde til huse p\u00e5 Sofiendalsvej 30, i en\u00a0tidligere\u00a0h\u00e5ndarbejdsskole. Bygningen rummede mange sm\u00e5 rum, som gav b\u00f8rnene optimale muligheder for\u00a0socialt samv\u00e6r\u00a0i mindre grupper, samt sal til boldspil, teater mv., v\u00e6rksted og et\u00a0\u201dnatur og teknik\u201d\u00a0rum. Der var ligeledes et nyrenoverede k\u00f8kken\/alrum, som dannede rammerne om morgenhygge og eftermiddagsmad. Bygningen rummede s\u00e5ledes mange sp\u00e6ndende og udfordrende aktivitetesmuligheder.<br \/>Sofiendalsvej 30 blev solgt i for\u00e5ret 2016.<\/p>\n<ul><\/ul>\n<p>[\/et_pb_text][\/et_pb_column][\/et_pb_row][\/et_pb_section]<\/p>\n","protected":false},"excerpt":{"rendered":"<p>Haslev Menigheds Daginstitutioners historie 1969-70 Tankerne og behovet for fritidshjem i Haslev opst\u00e5r Haslev oplevede et b\u00f8rneboom i disse \u00e5r, og behovet for at oprette fritidshjem opstod. Borgmester Folmer Nielsen kontaktede derfor formanden for menighedsr\u00e5det i Haslev, Bent Schmidt, og bad menighedsr\u00e5det om, at overveje tankerne om oprettelse af et selvejende fritidshjem i regi af [&hellip;]<\/p>\n","protected":false},"author":1,"featured_media":0,"parent":0,"menu_order":0,"comment_status":"closed","ping_status":"closed","template":"","meta":{"_et_pb_use_builder":"on","_et_pb_old_content":"<!-- wp:divi\/placeholder \/-->","_et_gb_content_width":"","footnotes":""},"class_list":["post-49","page","type-page","status-publish","hentry"],"_links":{"self":[{"href":"https:\/\/xn--troelstrupgrd-zfb.dk\/index.php?rest_route=\/wp\/v2\/pages\/49","targetHints":{"allow":["GET"]}}],"collection":[{"href":"https:\/\/xn--troelstrupgrd-zfb.dk\/index.php?rest_route=\/wp\/v2\/pages"}],"about":[{"href":"https:\/\/xn--troelstrupgrd-zfb.dk\/index.php?rest_route=\/wp\/v2\/types\/page"}],"author":[{"embeddable":true,"href":"https:\/\/xn--troelstrupgrd-zfb.dk\/index.php?rest_route=\/wp\/v2\/users\/1"}],"replies":[{"embeddable":true,"href":"https:\/\/xn--troelstrupgrd-zfb.dk\/index.php?rest_route=%2Fwp%2Fv2%2Fcomments&post=49"}],"version-history":[{"count":8,"href":"https:\/\/xn--troelstrupgrd-zfb.dk\/index.php?rest_route=\/wp\/v2\/pages\/49\/revisions"}],"predecessor-version":[{"id":304,"href":"https:\/\/xn--troelstrupgrd-zfb.dk\/index.php?rest_route=\/wp\/v2\/pages\/49\/revisions\/304"}],"wp:attachment":[{"href":"https:\/\/xn--troelstrupgrd-zfb.dk\/index.php?rest_route=%2Fwp%2Fv2%2Fmedia&parent=49"}],"curies":[{"name":"wp","href":"https:\/\/api.w.org\/{rel}","templated":true}]}}