{"id":45,"date":"2023-12-25T20:50:48","date_gmt":"2023-12-25T20:50:48","guid":{"rendered":"https:\/\/xn--troelstrupgrd-zfb.dk\/?page_id=45"},"modified":"2025-11-27T08:07:34","modified_gmt":"2025-11-27T08:07:34","slug":"institutionsbestyrelse","status":"publish","type":"page","link":"https:\/\/xn--troelstrupgrd-zfb.dk\/?page_id=45","title":{"rendered":"Institutionsbestyrelse"},"content":{"rendered":"<p>[et_pb_section fb_built=&#8221;1&#8243; fullwidth=&#8221;on&#8221; _builder_version=&#8221;4.23.1&#8243; background_color=&#8221;#00687f&#8221; global_colors_info=&#8221;{}&#8221;][et_pb_fullwidth_header title=&#8221;Institutionsbestyrelsen&#8221; subhead=&#8221;HMDI har en to-strenget overordnet ledelsesstruktur med b\u00e5de en Institutionsbestyrelse og en For\u00e6ldrebestyrelse&#8221; _builder_version=&#8221;4.16&#8243; title_font=&#8221;||||||||&#8221; background_color=&#8221;rgba(255, 255, 255, 0)&#8221; global_colors_info=&#8221;{}&#8221; button_one_text_size__hover_enabled=&#8221;off&#8221; button_two_text_size__hover_enabled=&#8221;off&#8221; button_one_text_color__hover_enabled=&#8221;off&#8221; button_two_text_color__hover_enabled=&#8221;off&#8221; button_one_border_width__hover_enabled=&#8221;off&#8221; button_two_border_width__hover_enabled=&#8221;off&#8221; button_one_border_color__hover_enabled=&#8221;off&#8221; button_two_border_color__hover_enabled=&#8221;off&#8221; button_one_border_radius__hover_enabled=&#8221;off&#8221; button_two_border_radius__hover_enabled=&#8221;off&#8221; button_one_letter_spacing__hover_enabled=&#8221;off&#8221; button_two_letter_spacing__hover_enabled=&#8221;off&#8221; button_one_bg_color__hover_enabled=&#8221;off&#8221; button_two_bg_color__hover_enabled=&#8221;off&#8221;][\/et_pb_fullwidth_header][\/et_pb_section][et_pb_section fb_built=&#8221;1&#8243; _builder_version=&#8221;4.16&#8243; global_colors_info=&#8221;{}&#8221;][et_pb_row _builder_version=&#8221;4.16&#8243; background_size=&#8221;initial&#8221; background_position=&#8221;top_left&#8221; background_repeat=&#8221;repeat&#8221; global_colors_info=&#8221;{}&#8221;][et_pb_column type=&#8221;4_4&#8243; _builder_version=&#8221;4.16&#8243; custom_padding=&#8221;|||&#8221; global_colors_info=&#8221;{}&#8221; custom_padding__hover=&#8221;|||&#8221;][et_pb_text _builder_version=&#8221;4.16&#8243; background_size=&#8221;initial&#8221; background_position=&#8221;top_left&#8221; background_repeat=&#8221;repeat&#8221; global_colors_info=&#8221;{}&#8221;]<\/p>\n<p>Institutionsbestyrelsen best\u00e5r af 6 medlemmer, 4 udpeget af Haslev Menighedsr\u00e5d, formand for for\u00e6ldrer\u00e5d i b\u00f8rnehaven samt 1 medarbejderrepr\u00e6sentant. Institutionens daglige ledelse udg\u00f8r sekretariatsfunktion for bestyrelsen.\u00a0<\/p>\n<p>Bestyrelsen best\u00e5r af f\u00f8lgende medlemmer:<\/p>\n<p><strong>Formand: Henrik Christensen<\/strong><\/p>\n<p>Udpeget af Haslev Menighedsr\u00e5d.<\/p>\n<p>Mobil: 20 78 78 88<\/p>\n<p>E-mail: <a href=\"mailto:henrikchristensen4690@gmail.com\">henrikchristensen4690@gmail.com<\/a><\/p>\n<p>Mandat udl\u00f8ber ultimo 2028.<\/p>\n<p>&nbsp;<\/p>\n<p><strong>N\u00e6stformand: Anette Melgaard<\/strong><\/p>\n<p>E-mail: am@kpr.dk<\/p>\n<p>Mandat udl\u00f8ber ultimo 2028.<\/p>\n<p>&nbsp;<\/p>\n<p><strong>Medlem: Malene Mandrup<\/strong><br \/>Udpeget af Haslev Menighedsr\u00e5d.<\/p>\n<p>E-mail: familien@haslundmandrup.dk<\/p>\n<p>Mandat udl\u00f8ber ultimo 2028.<\/p>\n<p>&nbsp;<\/p>\n<p><strong>Medlem: Allan Thalmar Andersen<\/strong><br \/>Udpeget af Haslev Menighedsr\u00e5d.<\/p>\n<p>Tlf.: 40 83 80 05<br \/>E-mail:\u00a0<a href=\"https:\/\/web.archive.org\/web\/20220808040240\/mailto:slovits1@jubii.dk\">slovits1@jubii.dk<\/a><br \/>Mandat udl\u00f8ber ultimo 2024.<\/p>\n<p>&nbsp;<\/p>\n<p><strong>Medlem:\u00a0Freya Birkelbach<\/strong><br \/>Repr\u00e6senterer: B\u00f8rnehaven<br \/>Tlf.:\u00a093 83 10 73<br \/>E-mail:\u00a0<a href=\"mailto:freya.birkelbach@gmail.com\">freya.birkelbach@gmail.com<\/a><\/p>\n<p><strong><\/strong><\/p>\n<p><strong>Medlem: Signe Stefansen<\/strong><br \/>Repr\u00e6senterer: Medarbejderne p\u00e5 Troelstrupg\u00e5rd<br \/>Tlf.: 56 20 42 12<br \/>E-mail: stefa@faxekommune.dk<\/p>\n<p>&nbsp;<\/p>\n<p>Sekretariat for bestyrelsen:<\/p>\n<p><strong>Mikkel Visby, Leder<\/strong><\/p>\n<p>Tlf.: 20 20 77 01<br \/>E-mail: <a href=\"mailto:visby@faxekommune.dk\">visby@faxekommune.dk<\/a><\/p>\n<p>[\/et_pb_text][\/et_pb_column][\/et_pb_row][\/et_pb_section]<\/p>\n","protected":false},"excerpt":{"rendered":"<p>Institutionsbestyrelsen best\u00e5r af 6 medlemmer, 4 udpeget af Haslev Menighedsr\u00e5d, formand for for\u00e6ldrer\u00e5d i b\u00f8rnehaven samt 1 medarbejderrepr\u00e6sentant. Institutionens daglige ledelse udg\u00f8r sekretariatsfunktion for bestyrelsen.\u00a0 Bestyrelsen best\u00e5r af f\u00f8lgende medlemmer: Formand: Henrik Christensen Udpeget af Haslev Menighedsr\u00e5d. Mobil: 20 78 78 88 E-mail: henrikchristensen4690@gmail.com Mandat udl\u00f8ber ultimo 2028. &nbsp; N\u00e6stformand: Anette Melgaard E-mail: am@kpr.dk Mandat [&hellip;]<\/p>\n","protected":false},"author":1,"featured_media":0,"parent":0,"menu_order":0,"comment_status":"closed","ping_status":"closed","template":"","meta":{"_et_pb_use_builder":"on","_et_pb_old_content":"","_et_gb_content_width":"","footnotes":""},"class_list":["post-45","page","type-page","status-publish","hentry"],"_links":{"self":[{"href":"https:\/\/xn--troelstrupgrd-zfb.dk\/index.php?rest_route=\/wp\/v2\/pages\/45","targetHints":{"allow":["GET"]}}],"collection":[{"href":"https:\/\/xn--troelstrupgrd-zfb.dk\/index.php?rest_route=\/wp\/v2\/pages"}],"about":[{"href":"https:\/\/xn--troelstrupgrd-zfb.dk\/index.php?rest_route=\/wp\/v2\/types\/page"}],"author":[{"embeddable":true,"href":"https:\/\/xn--troelstrupgrd-zfb.dk\/index.php?rest_route=\/wp\/v2\/users\/1"}],"replies":[{"embeddable":true,"href":"https:\/\/xn--troelstrupgrd-zfb.dk\/index.php?rest_route=%2Fwp%2Fv2%2Fcomments&post=45"}],"version-history":[{"count":7,"href":"https:\/\/xn--troelstrupgrd-zfb.dk\/index.php?rest_route=\/wp\/v2\/pages\/45\/revisions"}],"predecessor-version":[{"id":316,"href":"https:\/\/xn--troelstrupgrd-zfb.dk\/index.php?rest_route=\/wp\/v2\/pages\/45\/revisions\/316"}],"wp:attachment":[{"href":"https:\/\/xn--troelstrupgrd-zfb.dk\/index.php?rest_route=%2Fwp%2Fv2%2Fmedia&parent=45"}],"curies":[{"name":"wp","href":"https:\/\/api.w.org\/{rel}","templated":true}]}}