{"id":41,"date":"2023-12-25T20:50:24","date_gmt":"2023-12-25T20:50:24","guid":{"rendered":"https:\/\/xn--troelstrupgrd-zfb.dk\/?page_id=41"},"modified":"2024-04-25T07:07:05","modified_gmt":"2024-04-25T07:07:05","slug":"stoetteforening","status":"publish","type":"page","link":"https:\/\/xn--troelstrupgrd-zfb.dk\/?page_id=41","title":{"rendered":"St\u00f8tteforening"},"content":{"rendered":"<p>[et_pb_section fb_built=&#8221;1&#8243; fullwidth=&#8221;on&#8221; _builder_version=&#8221;4.23.1&#8243; background_color=&#8221;#00687f&#8221; global_colors_info=&#8221;{}&#8221;][et_pb_fullwidth_header title=&#8221;Om st\u00f8tteforeningen&#8221; subhead=&#8221;Troelstrupg\u00e5rd har sin egen st\u00f8tteforening, der blev dannet onsdag den 17. august 2011&#8243; _builder_version=&#8221;4.16&#8243; title_font=&#8221;||||||||&#8221; background_color=&#8221;rgba(255, 255, 255, 0)&#8221; global_colors_info=&#8221;{}&#8221; button_one_text_size__hover_enabled=&#8221;off&#8221; button_two_text_size__hover_enabled=&#8221;off&#8221; button_one_text_color__hover_enabled=&#8221;off&#8221; button_two_text_color__hover_enabled=&#8221;off&#8221; button_one_border_width__hover_enabled=&#8221;off&#8221; button_two_border_width__hover_enabled=&#8221;off&#8221; button_one_border_color__hover_enabled=&#8221;off&#8221; button_two_border_color__hover_enabled=&#8221;off&#8221; button_one_border_radius__hover_enabled=&#8221;off&#8221; button_two_border_radius__hover_enabled=&#8221;off&#8221; button_one_letter_spacing__hover_enabled=&#8221;off&#8221; button_two_letter_spacing__hover_enabled=&#8221;off&#8221; button_one_bg_color__hover_enabled=&#8221;off&#8221; button_two_bg_color__hover_enabled=&#8221;off&#8221;][\/et_pb_fullwidth_header][\/et_pb_section][et_pb_section fb_built=&#8221;1&#8243; _builder_version=&#8221;4.16&#8243; global_colors_info=&#8221;{}&#8221;][et_pb_row _builder_version=&#8221;4.16&#8243; background_size=&#8221;initial&#8221; background_position=&#8221;top_left&#8221; background_repeat=&#8221;repeat&#8221; global_colors_info=&#8221;{}&#8221;][et_pb_column type=&#8221;4_4&#8243; _builder_version=&#8221;4.16&#8243; custom_padding=&#8221;|||&#8221; global_colors_info=&#8221;{}&#8221; custom_padding__hover=&#8221;|||&#8221;][et_pb_text _builder_version=&#8221;4.16&#8243; background_size=&#8221;initial&#8221; background_position=&#8221;top_left&#8221; background_repeat=&#8221;repeat&#8221; global_colors_info=&#8221;{}&#8221;]<\/p>\n<p>Indmeldelse i st\u00f8tteforeningen kan ske\u00a0ved indbetaling af 200 kr. til foreningens bankkonto i Sparekassen Sj\u00e6lland: Reg.nr. 6070 kontonr. 4139751 (ved indbetaling husk at oplyse: navn, adresse, telefonnr. og mailadresse).<\/p>\n<h1>St\u00f8tteforeningens vedt\u00e6gter<\/h1>\n<h1>\u00a0<\/h1>\n<h2><strong>Form\u00e5l<\/strong><\/h2>\n<p>St\u00f8tteforeningens form\u00e5l er at skaffe midler, der kan bruges til at give b\u00f8rnene nogle ekstraordin\u00e6re oplevelser.<\/p>\n<h2><strong>Jobbank<\/strong><\/h2>\n<p>Her laver bestyrelsen et register over folk, der mener de kan v\u00e6re behj\u00e6lpelig p\u00e5 g\u00e5den i en eller anden retning, eksempelvis i forbindelse med oplevelser, materialer eller h\u00e5ndv\u00e6rksm\u00e6ssigt.<\/p>\n<h2><strong>Medlemskab<\/strong><\/h2>\n<p>Det er for dem, der vil betale for et \u00e5rligt medlemskab p\u00e5 200 kr. Bel\u00f8bet g\u00e5r ubesk\u00e5ret til b\u00f8rnene p\u00e5 Troelstrupg\u00e5rd.<\/p>\n<h2><strong>Bestyrelsen<\/strong><\/h2>\n<p>De vil tage vare p\u00e5 \u00f8konomien og jobbanken. Bestyrelsen vil lave forskellige arrangementer for at samle penge og s\u00f8ge forskellige fonde. Derudover vil bestyrelsen med gl\u00e6de tage imod sponsorater, donationer og legater.<\/p>\n<p>&nbsp;<\/p>\n<ol>\n<li><strong> Foreningsvedt\u00e6gt<\/strong><\/li>\n<\/ol>\n<ul>\n<li>Foreningens navn, form\u00e5l og hjemsted<\/li>\n<li>Foreningens navn er Troelstrupg\u00e5rds St\u00f8tteforening (herefter ben\u00e6vnt \u201dForeningen\u201d).<\/li>\n<li>Foreningens form\u00e5l er prim\u00e6rt at v\u00e6re med til at sikre Troelstrupg\u00e5rds fremtidige eksistens i form af medlemskaber samt \u00f8konomisk og praktisk st\u00f8tte.<\/li>\n<li>Foreningens hjemsted er Haslev.<\/li>\n<\/ul>\n<p>&nbsp;<\/p>\n<ol start=\"2\">\n<li><strong> Medlemmer<\/strong><\/li>\n<\/ol>\n<ul>\n<li>Indmeldelse sker ved henvendelse til bestyrelsen.<\/li>\n<li>Med mindre andet er fastsat betales et \u00e5rs kontingent ved indmeldelse.<\/li>\n<li>Udmeldelse finder sted ved skriftlig henvendelse til foreningens formand med 1 m\u00e5neds varsel.<\/li>\n<li>Medlemmers rettigheder og pligter<\/li>\n<li>Medlemmerne er forpligtede til at overholde foreningens regler og form\u00e5lsbestemmelse.<\/li>\n<\/ul>\n<p>&nbsp;<\/p>\n<ol start=\"3\">\n<li><strong> Kontingent<\/strong><\/li>\n<\/ol>\n<ul>\n<li>Generalforsamlingen fasts\u00e6tter kontingentets st\u00f8rrelse.<\/li>\n<li>Kontingentet betales ved opkr\u00e6vning p\u00e5 bestyrelsens foranledning.<\/li>\n<li>Kontingentet refunderes ikke ved udmeldelse.<\/li>\n<\/ul>\n<p>&nbsp;<\/p>\n<ol start=\"4\">\n<li><strong> Bestyrelsen<\/strong><\/li>\n<\/ol>\n<ul>\n<li>Bestyrelsens opgave er at varetage den daglige ledelse af foreningens drift.<\/li>\n<li>Bestyrelsens medlemmer v\u00e6lges p\u00e5 generalforsamlingen for h\u00f8jst et \u00e5r ad gangen. Genvalg er muligt.<\/li>\n<li>Bestyrelsen best\u00e5r af 5-7 medlemmer og eventuelt 3-5 suppleanter.<\/li>\n<li>Det p\u00e5hviler bestyrelsen selv at konstituere sig efter generalforsamling med formand, n\u00e6stformand, sekret\u00e6r, kasserer og eventuelle menige bestyrelsesmedlemmer.<\/li>\n<li>Bestyrelsen fasts\u00e6tter selv sin forretningsorden.<\/li>\n<li>Bestyrelseshverv er ul\u00f8nnet, medmindre generalforsamlingen bestemmer andet.<\/li>\n<li>Bestyrelsen afholder m\u00f8de, s\u00e5 ofte formanden eller to medlemmer finder det n\u00f8dvendigt.<\/li>\n<li>Bestyrelsen er beslutningsdygtig, n\u00e5r mindst 3 medlemmer giver m\u00f8de.<\/li>\n<li>Bestyrelsens beslutning tr\u00e6ffes ved stemmeflerhed. I tilf\u00e6lde af stemmelighed er formandens stemme afg\u00f8rende.<\/li>\n<\/ul>\n<p>&nbsp;<\/p>\n<ol start=\"5\">\n<li><strong> Ordin\u00e6r generalforsamling<\/strong><\/li>\n<\/ol>\n<ul>\n<li>Foreningens \u00f8verste myndighed er generalforsamlingen.<\/li>\n<li>Generalforsamlingen afholdes hvert \u00e5r i marts.<\/li>\n<li>Indkaldelse skal ske skriftligt til alle medlemmer med mindst 2 ugers varsel.<\/li>\n<li>Generalforsamlingen ledes af en dirigent, der v\u00e6lges af forsamlingen.<\/li>\n<li>P\u00e5 generalforsamlingen afl\u00e6gger bestyrelsen ved formanden beretning om foreningens virksomhed.<\/li>\n<li>P\u00e5 generalforsamlingen v\u00e6lges 5-7 bestyrelsesmedlemmer.<\/li>\n<li>P\u00e5 generalforsamlingen v\u00e6lges endvidere 2 revisorer og 1 revisorsuppleant.<\/li>\n<li>Medlemmer, som \u00f8nsker at stille forslag til afstemning uden for den udsendte dagsorden, skal indsende deres forslag til\u00a0<strong>bestyrelsens formand senest 7 dage inden generalforsamlingen.<\/strong><\/li>\n<\/ul>\n<p>&nbsp;<\/p>\n<ol start=\"6\">\n<li><strong> Ekstraordin\u00e6r generalforsamling<\/strong><\/li>\n<\/ol>\n<ul>\n<li>S\u00e5fremt mindst 20 % af foreningens medlemmer \u00f8nsker det, skal der indkaldes til ekstraordin\u00e6r generalforsamling.<\/li>\n<li>Det overlades til den siddende bestyrelse at udarbejde og udsende indkaldelse til generalforsamlingen. Indkaldelsen skal indeholde oplysning om \u00e5rsagen til den ekstraordin\u00e6re indkaldelse.<\/li>\n<li>Den ekstraordin\u00e6re generalforsamling afholdes p\u00e5 samme m\u00e5de som ordin\u00e6re generalforsamlinger, jfr. \u00a7 6.<\/li>\n<\/ul>\n<p>&nbsp;<\/p>\n<ol start=\"7\">\n<li><strong> Regnskab og formue<\/strong><\/li>\n<\/ol>\n<ul>\n<li>Foreningens regnskabs- og kontingent\u00e5r f\u00f8lger det almindelige kalender\u00e5r.<\/li>\n<li>Det p\u00e5hviler kassereren at indkassere indt\u00e6gter og betale de af bestyrelsen godkendte udgifter. Indt\u00e6gter og udgifter f\u00f8res i kassebog.<\/li>\n<li>F\u00f8r den ordin\u00e6re generalforsamling skal foreningens revisor have revideret regnskabet.<\/li>\n<li>Det p\u00e5hviler revisoren \u00e5rligt at afholde 1-2 uanmeldte kasseeftersyn.<\/li>\n<li>Foreningens kasserer og bestyrelse skal fremsende regnskabet til revisor senest den 31. januar. Revisor skal herefter revidere regnskab, s\u00e5vel talm\u00e6ssigt som kritisk, s\u00e5 betids at en ekstrakt med revisorp\u00e5tegning kan udsendes til medlemmerne samtidig med indkaldelse til generalforsamling.<\/li>\n<li>I tilf\u00e6lde af Foreningens opl\u00f8sning tilfalder Foreningens eventuelle formue Troelstrupg\u00e5rd.<\/li>\n<\/ul>\n<p>&nbsp;<\/p>\n<ol start=\"8\">\n<li><strong> Tegning og h\u00e6ftelse<\/strong><\/li>\n<\/ol>\n<ul>\n<li>Foreningen tegnes af foreningens formand og et andet bestyrelsesmedlem i forening.<\/li>\n<li>Foreningens medlemmer h\u00e6fter ikke personligt for foreningens forpligtelser. Dog finder de almindelige erstatnings- og foreningsretlige principper anvendelse.<\/li>\n<\/ul>\n<p>&nbsp;<\/p>\n<ol start=\"9\">\n<li><strong> Vedt\u00e6gts\u00e6ndringer<\/strong><\/li>\n<\/ol>\n<ul>\n<li>Til \u00e6ndring af Foreningens vedt\u00e6gter kr\u00e6ves vedtagelse p\u00e5 generalforsamling med mindst 2\/3 af de afgivne stemmer, som dog mindst skal udg\u00f8re halvdelen af fore\u00adningens medlemmer..<\/li>\n<\/ul>\n<p>&nbsp;<\/p>\n<p>Er det forn\u00f8dne antal medlemmer ikke til stede, men mindst 2\/3 af de afgivne stemmer er for forslaget, indkaldes til ny generalforsam\u00adling, der skal afholdes inden en m\u00e5ned. P\u00e5 denne generalforsamling kan forslaget vedtages, n\u00e5r mindst 2\/3 af de afgivne stemmer &#8211; uden hensyn til de m\u00f8dendes tal &#8211; er for for\u00adslaget.<\/p>\n<p>S\u00e5ledes vedtaget p\u00e5 stiftende generalforsamling den 17. august 2011.<\/p>\n<p>[\/et_pb_text][\/et_pb_column][\/et_pb_row][\/et_pb_section]<\/p>\n","protected":false},"excerpt":{"rendered":"<p>Indmeldelse i st\u00f8tteforeningen kan ske\u00a0ved indbetaling af 200 kr. til foreningens bankkonto i Sparekassen Sj\u00e6lland: Reg.nr. 6070 kontonr. 4139751 (ved indbetaling husk at oplyse: navn, adresse, telefonnr. og mailadresse). St\u00f8tteforeningens vedt\u00e6gter \u00a0 Form\u00e5l St\u00f8tteforeningens form\u00e5l er at skaffe midler, der kan bruges til at give b\u00f8rnene nogle ekstraordin\u00e6re oplevelser. Jobbank Her laver bestyrelsen et register [&hellip;]<\/p>\n","protected":false},"author":1,"featured_media":0,"parent":0,"menu_order":0,"comment_status":"closed","ping_status":"closed","template":"","meta":{"_et_pb_use_builder":"on","_et_pb_old_content":"<!-- wp:divi\/placeholder \/-->","_et_gb_content_width":"","footnotes":""},"class_list":["post-41","page","type-page","status-publish","hentry"],"_links":{"self":[{"href":"https:\/\/xn--troelstrupgrd-zfb.dk\/index.php?rest_route=\/wp\/v2\/pages\/41","targetHints":{"allow":["GET"]}}],"collection":[{"href":"https:\/\/xn--troelstrupgrd-zfb.dk\/index.php?rest_route=\/wp\/v2\/pages"}],"about":[{"href":"https:\/\/xn--troelstrupgrd-zfb.dk\/index.php?rest_route=\/wp\/v2\/types\/page"}],"author":[{"embeddable":true,"href":"https:\/\/xn--troelstrupgrd-zfb.dk\/index.php?rest_route=\/wp\/v2\/users\/1"}],"replies":[{"embeddable":true,"href":"https:\/\/xn--troelstrupgrd-zfb.dk\/index.php?rest_route=%2Fwp%2Fv2%2Fcomments&post=41"}],"version-history":[{"count":4,"href":"https:\/\/xn--troelstrupgrd-zfb.dk\/index.php?rest_route=\/wp\/v2\/pages\/41\/revisions"}],"predecessor-version":[{"id":191,"href":"https:\/\/xn--troelstrupgrd-zfb.dk\/index.php?rest_route=\/wp\/v2\/pages\/41\/revisions\/191"}],"wp:attachment":[{"href":"https:\/\/xn--troelstrupgrd-zfb.dk\/index.php?rest_route=%2Fwp%2Fv2%2Fmedia&parent=41"}],"curies":[{"name":"wp","href":"https:\/\/api.w.org\/{rel}","templated":true}]}}