{"id":35,"date":"2023-12-25T20:47:48","date_gmt":"2023-12-25T20:47:48","guid":{"rendered":"https:\/\/xn--troelstrupgrd-zfb.dk\/?page_id=35"},"modified":"2024-10-04T07:45:41","modified_gmt":"2024-10-04T07:45:41","slug":"vuggestue","status":"publish","type":"page","link":"https:\/\/xn--troelstrupgrd-zfb.dk\/?page_id=35","title":{"rendered":"Vuggestue"},"content":{"rendered":"<p>[et_pb_section fb_built=&#8221;1&#8243; fullwidth=&#8221;on&#8221; _builder_version=&#8221;4.23.1&#8243; background_color=&#8221;#00687f&#8221; global_colors_info=&#8221;{}&#8221;][et_pb_fullwidth_header title=&#8221;Vuggestuen&#8221; subhead=&#8221;Vuggestuen Musereden&#8221; _builder_version=&#8221;4.16&#8243; title_font=&#8221;||||||||&#8221; background_color=&#8221;rgba(255, 255, 255, 0)&#8221; global_colors_info=&#8221;{}&#8221; button_one_text_size__hover_enabled=&#8221;off&#8221; button_two_text_size__hover_enabled=&#8221;off&#8221; button_one_text_color__hover_enabled=&#8221;off&#8221; button_two_text_color__hover_enabled=&#8221;off&#8221; button_one_border_width__hover_enabled=&#8221;off&#8221; button_two_border_width__hover_enabled=&#8221;off&#8221; button_one_border_color__hover_enabled=&#8221;off&#8221; button_two_border_color__hover_enabled=&#8221;off&#8221; button_one_border_radius__hover_enabled=&#8221;off&#8221; button_two_border_radius__hover_enabled=&#8221;off&#8221; button_one_letter_spacing__hover_enabled=&#8221;off&#8221; button_two_letter_spacing__hover_enabled=&#8221;off&#8221; button_one_bg_color__hover_enabled=&#8221;off&#8221; button_two_bg_color__hover_enabled=&#8221;off&#8221;][\/et_pb_fullwidth_header][\/et_pb_section][et_pb_section fb_built=&#8221;1&#8243; _builder_version=&#8221;4.16&#8243; global_colors_info=&#8221;{}&#8221;][et_pb_row _builder_version=&#8221;4.23.1&#8243; background_size=&#8221;initial&#8221; background_position=&#8221;top_left&#8221; background_repeat=&#8221;repeat&#8221; global_colors_info=&#8221;{}&#8221;][et_pb_column type=&#8221;4_4&#8243; _builder_version=&#8221;4.16&#8243; custom_padding=&#8221;|||&#8221; global_colors_info=&#8221;{}&#8221; custom_padding__hover=&#8221;|||&#8221;][et_pb_text content_tablet=&#8221;<\/p>\n<p><img src=%22https:\/\/xn--troelstrupgrd-zfb.dk\/wp-content\/uploads\/2024\/10\/web_77A0919-150x150.jpg%22 width=%22150%22 height=%22150%22 alt=%22%22 class=%22wp-image-260 alignright size-thumbnail%22 \/>I januar 2024 \u00e5bnede vuggestuen \u201dMusereden\u201d.<br \/>Vi har plads til 16 b\u00f8rn.<br \/>Nedenfor er der lidt praktiske oplysninger, s\u00e5 indk\u00f8ring og opstart i vuggestuen bliver s\u00e5 god og tryg som muligt for jeres barn.<br \/>Vi gl\u00e6der os meget til at tage imod jeres b\u00f8rn og jer for\u00e6ldre.<\/p>\n<p><a href=%22https:\/\/xn--troelstrupgrd-zfb.dk\/wp-content\/uploads\/2024\/01\/Folder-Troelstrupgaard-vuggestue-rettet.pdf%22 data-et-target-link=%22_blank%22 rel=%22noopener%22>Download velkomstfolder her<\/a><\/p>\n<p>\u00a0<\/p>\n<p>Vil du kontakte <strong>Vuggestuen<\/strong> \/ <strong>Musereden <\/strong>benyt f\u00f8lgende telefonnummer.: +45 56204207<\/p>\n<p>\u00a0<\/p>\n<p>&#8221; content_phone=&#8221;<\/p>\n<p><img src=%22https:\/\/xn--troelstrupgrd-zfb.dk\/wp-content\/uploads\/2024\/10\/web_77A0919-150x150.jpg%22 width=%22150%22 height=%22150%22 alt=%22%22 class=%22wp-image-260 alignright size-thumbnail%22 \/>I januar 2024 \u00e5bnede vuggestuen \u201dMusereden\u201d.<br \/>Vi har plads til 16 b\u00f8rn.<br \/>Nedenfor er der lidt praktiske oplysninger, s\u00e5 indk\u00f8ring og opstart i vuggestuen bliver s\u00e5 god og tryg som muligt for jeres barn.<br \/>Vi gl\u00e6der os meget til at tage imod jeres b\u00f8rn og jer for\u00e6ldre.<\/p>\n<p><a href=%22https:\/\/xn--troelstrupgrd-zfb.dk\/wp-content\/uploads\/2024\/01\/Folder-Troelstrupgaard-vuggestue-rettet.pdf%22 data-et-target-link=%22_blank%22 rel=%22noopener%22>Download velkomstfolder her<\/a><\/p>\n<p>\u00a0<\/p>\n<p>Vil du kontakte <strong>Vuggestuen<\/strong> \/ <strong>Musereden <\/strong>benyt f\u00f8lgende telefonnummer.: +45 56204207<\/p>\n<p>\u00a0<\/p>\n<p>&#8221; content_last_edited=&#8221;on|desktop&#8221; _builder_version=&#8221;4.23.1&#8243; background_size=&#8221;initial&#8221; background_position=&#8221;top_left&#8221; background_repeat=&#8221;repeat&#8221; hover_enabled=&#8221;0&#8243; global_colors_info=&#8221;{}&#8221; sticky_enabled=&#8221;0&#8243;]<\/p>\n<p><img loading=\"lazy\" decoding=\"async\" src=\"https:\/\/xn--troelstrupgrd-zfb.dk\/wp-content\/uploads\/2024\/10\/cykel-150x150.jpg\" width=\"150\" height=\"150\" alt=\"\" class=\"wp-image-262 alignright size-thumbnail\" \/>I januar 2024 \u00e5bnede vuggestuen \u201dMusereden\u201d.<br \/>Vi har plads til 16 b\u00f8rn.<br \/>Nedenfor er der lidt praktiske oplysninger, s\u00e5 indk\u00f8ring og opstart i vuggestuen bliver s\u00e5 god og tryg som muligt for jeres barn.<br \/>Vi gl\u00e6der os meget til at tage imod jeres b\u00f8rn og jer for\u00e6ldre.<\/p>\n<p><a href=\"https:\/\/xn--troelstrupgrd-zfb.dk\/wp-content\/uploads\/2024\/01\/Folder-Troelstrupgaard-vuggestue-rettet.pdf\" target=\"_blank\" rel=\"noopener\">Download velkomstfolder her<\/a><\/p>\n<p>&nbsp;<\/p>\n<p>Vil du kontakte <strong>Vuggestuen<\/strong> \/ <strong>Musereden <\/strong>benyt f\u00f8lgende telefonnummer.: +45 56204207<\/p>\n<p>&nbsp;<\/p>\n<p>[\/et_pb_text][\/et_pb_column][\/et_pb_row][\/et_pb_section]<\/p>\n","protected":false},"excerpt":{"rendered":"<p>I januar 2024 \u00e5bnede vuggestuen \u201dMusereden\u201d.Vi har plads til 16 b\u00f8rn.Nedenfor er der lidt praktiske oplysninger, s\u00e5 indk\u00f8ring og opstart i vuggestuen bliver s\u00e5 god og tryg som muligt for jeres barn.Vi gl\u00e6der os meget til at tage imod jeres b\u00f8rn og jer for\u00e6ldre. Download velkomstfolder her &nbsp; Vil du kontakte Vuggestuen \/ Musereden benyt [&hellip;]<\/p>\n","protected":false},"author":1,"featured_media":204,"parent":0,"menu_order":0,"comment_status":"closed","ping_status":"closed","template":"","meta":{"_et_pb_use_builder":"on","_et_pb_old_content":"<!-- wp:divi\/placeholder \/-->","_et_gb_content_width":"","footnotes":""},"class_list":["post-35","page","type-page","status-publish","has-post-thumbnail","hentry"],"_links":{"self":[{"href":"https:\/\/xn--troelstrupgrd-zfb.dk\/index.php?rest_route=\/wp\/v2\/pages\/35","targetHints":{"allow":["GET"]}}],"collection":[{"href":"https:\/\/xn--troelstrupgrd-zfb.dk\/index.php?rest_route=\/wp\/v2\/pages"}],"about":[{"href":"https:\/\/xn--troelstrupgrd-zfb.dk\/index.php?rest_route=\/wp\/v2\/types\/page"}],"author":[{"embeddable":true,"href":"https:\/\/xn--troelstrupgrd-zfb.dk\/index.php?rest_route=\/wp\/v2\/users\/1"}],"replies":[{"embeddable":true,"href":"https:\/\/xn--troelstrupgrd-zfb.dk\/index.php?rest_route=%2Fwp%2Fv2%2Fcomments&post=35"}],"version-history":[{"count":9,"href":"https:\/\/xn--troelstrupgrd-zfb.dk\/index.php?rest_route=\/wp\/v2\/pages\/35\/revisions"}],"predecessor-version":[{"id":263,"href":"https:\/\/xn--troelstrupgrd-zfb.dk\/index.php?rest_route=\/wp\/v2\/pages\/35\/revisions\/263"}],"wp:featuredmedia":[{"embeddable":true,"href":"https:\/\/xn--troelstrupgrd-zfb.dk\/index.php?rest_route=\/wp\/v2\/media\/204"}],"wp:attachment":[{"href":"https:\/\/xn--troelstrupgrd-zfb.dk\/index.php?rest_route=%2Fwp%2Fv2%2Fmedia&parent=35"}],"curies":[{"name":"wp","href":"https:\/\/api.w.org\/{rel}","templated":true}]}}